{"id":10169,"date":"2023-04-19T19:39:30","date_gmt":"2023-04-19T19:39:30","guid":{"rendered":"https:\/\/www.cistec.com\/?page_id=10169"},"modified":"2026-03-23T10:36:47","modified_gmt":"2026-03-23T10:36:47","slug":"events-fr","status":"publish","type":"page","link":"https:\/\/www.cistec.com\/fr\/events-fr\/","title":{"rendered":"Events FR"},"content":{"rendered":"\t\t<div data-elementor-type=\"wp-page\" data-elementor-id=\"10169\" class=\"elementor elementor-10169\" data-elementor-post-type=\"page\">\n\t\t\t\t\t\t<section class=\"elementor-section elementor-top-section elementor-element elementor-element-3b01ca0 elementor-section-full_width elementor-section-height-min-height elementor-section-height-default elementor-section-items-middle\" data-id=\"3b01ca0\" data-element_type=\"section\" data-settings=\"{&quot;background_background&quot;:&quot;classic&quot;}\">\n\t\t\t\t\t\t<div class=\"elementor-container elementor-column-gap-default\">\n\t\t\t\t\t<div class=\"elementor-column elementor-col-100 elementor-top-column elementor-element elementor-element-013f780\" data-id=\"013f780\" data-element_type=\"column\">\n\t\t\t<div class=\"elementor-widget-wrap\">\n\t\t\t\t\t\t\t<\/div>\n\t\t<\/div>\n\t\t\t\t\t<\/div>\n\t\t<\/section>\n\t\t\t\t<section class=\"elementor-section elementor-top-section elementor-element elementor-element-f7e20e0 cistec-flex-wrap elementor-section-content-middle elementor-section-boxed elementor-section-height-default elementor-section-height-default\" data-id=\"f7e20e0\" data-element_type=\"section\">\n\t\t\t\t\t\t<div class=\"elementor-container elementor-column-gap-default\">\n\t\t\t\t\t<div class=\"elementor-column elementor-col-100 elementor-top-column elementor-element elementor-element-cde79f4\" data-id=\"cde79f4\" data-element_type=\"column\">\n\t\t\t<div class=\"elementor-widget-wrap elementor-element-populated\">\n\t\t\t\t\t\t<div class=\"elementor-element elementor-element-cbba080 elementor-widget elementor-widget-text-editor\" data-id=\"cbba080\" data-element_type=\"widget\" data-widget_type=\"text-editor.default\">\n\t\t\t\t<div class=\"elementor-widget-container\">\n\t\t\t\t\t\t\t\t\t<p>Nous vous remercions de l&rsquo;int\u00e9r\u00eat que vous portez \u00e0 nos \u00e9v\u00e8nements<\/p>\t\t\t\t\t\t\t\t<\/div>\n\t\t\t\t<\/div>\n\t\t\t\t<div class=\"elementor-element elementor-element-fce7c3b elementor-widget elementor-widget-text-editor\" data-id=\"fce7c3b\" data-element_type=\"widget\" data-widget_type=\"text-editor.default\">\n\t\t\t\t<div class=\"elementor-widget-container\">\n\t\t\t\t\t\t\t\t\t<p>Nos \u00e9v\u00e8nements se d\u00e9roulent en allemand. Certains de nos intervenants parlent \u00e9galement fran\u00e7ais et r\u00e9pondront volontiers \u00e0 vos questions.<\/p>\t\t\t\t\t\t\t\t<\/div>\n\t\t\t\t<\/div>\n\t\t\t\t<div class=\"elementor-element elementor-element-93b7595 elementor-widget elementor-widget-text-editor\" data-id=\"93b7595\" data-element_type=\"widget\" data-widget_type=\"text-editor.default\">\n\t\t\t\t<div class=\"elementor-widget-container\">\n\t\t\t\t\t\t\t\t\t<p>Nous nous r\u00e9jouissons de votre participation.<\/p>\t\t\t\t\t\t\t\t<\/div>\n\t\t\t\t<\/div>\n\t\t\t\t<div class=\"elementor-element elementor-element-63ea907 elementor-widget elementor-widget-spacer\" data-id=\"63ea907\" data-element_type=\"widget\" data-widget_type=\"spacer.default\">\n\t\t\t\t<div class=\"elementor-widget-container\">\n\t\t\t\t\t\t\t<div class=\"elementor-spacer\">\n\t\t\t<div class=\"elementor-spacer-inner\"><\/div>\n\t\t<\/div>\n\t\t\t\t\t\t<\/div>\n\t\t\t\t<\/div>\n\t\t\t\t<div class=\"elementor-element elementor-element-bb61205 elementor-widget elementor-widget-cistec-button\" data-id=\"bb61205\" data-element_type=\"widget\" data-widget_type=\"cistec-button.default\">\n\t\t\t\t<div class=\"elementor-widget-container\">\n\t\t\t\t\t\t\t<div class=\"cistec-button\">\n\t\t<a href=\"https:\/\/www.cistec.com\/events\/\">\n\t\t\t\t\t\t\t<span class=\"button-icon\">\n\t\t\t\t\t<svg xmlns=\"http:\/\/www.w3.org\/2000\/svg\" width=\"50\" height=\"50\" viewBox=\"0 0 50 50\" fill=\"none\"><path fill-rule=\"evenodd\" clip-rule=\"evenodd\" d=\"M25.05 1.00005C20.3032 0.990173 15.6602 2.38809 11.7079 5.01702C7.75564 7.64595 4.6717 11.3878 2.84607 15.7694C1.02045 20.1511 0.535118 24.9757 1.45146 29.6331C2.36781 34.2906 4.64467 38.5717 7.99413 41.9352C11.3436 45.2986 15.6152 47.5933 20.2688 48.529C24.9224 49.4648 29.749 48.9996 34.1382 47.1922C38.5274 45.3849 42.2821 42.3165 44.9274 38.3753C47.5728 34.434 48.9901 29.7968 49 25.0501C49.0076 21.898 48.394 18.7754 47.1944 15.8606C45.9947 12.9458 44.2324 10.2959 42.0082 8.06249C39.7841 5.82903 37.1416 4.05573 34.2318 2.84392C31.322 1.63212 28.202 1.00556 25.05 1.00005ZM25.05 3.10005C29.3771 3.10994 33.6043 4.4015 37.1981 6.81169C40.7919 9.22189 43.5911 12.6427 45.2424 16.6424C46.8938 20.642 47.3233 25.0412 46.4767 29.2847C45.63 33.5283 43.5453 37.4259 40.4855 40.4856C37.4258 43.5454 33.5282 45.6301 29.2847 46.4767C25.0411 47.3234 20.6419 46.8939 16.6423 45.2425C12.6426 43.5912 9.2218 40.7919 6.8116 37.1982C4.4014 33.6044 3.10985 29.3772 3.09996 25.0501C3.08725 22.164 3.64633 19.304 4.74492 16.6351C5.84351 13.9663 7.45985 11.5415 9.50064 9.50073C11.5414 7.45995 13.9662 5.84361 16.635 4.74502C19.3039 3.64643 22.1639 3.08735 25.05 3.10005ZM21.743 13.5261H21.643C21.4115 13.5683 21.203 13.6927 21.056 13.8765C20.909 14.0603 20.8334 14.2909 20.843 14.5261C20.8353 14.8216 20.9428 15.1085 21.143 15.3261L30.863 25.0461L21.143 34.6661C20.9428 34.8836 20.8353 35.1705 20.843 35.4661C20.8353 35.5994 20.8559 35.7328 20.9034 35.8577C20.9509 35.9825 21.0243 36.0958 21.1188 36.1903C21.2132 36.2847 21.3265 36.3581 21.4514 36.4056C21.5762 36.4532 21.7096 36.4737 21.843 36.4661C22.1385 36.4738 22.4254 36.3662 22.643 36.1661L33.067 25.7521C33.2485 25.5628 33.3551 25.314 33.367 25.0521C33.3747 24.7565 33.2671 24.4696 33.067 24.2521L22.645 13.8271C22.4274 13.6269 22.1405 13.5194 21.845 13.5271L21.743 13.5261Z\" fill=\"#1769B6\"><\/path><\/svg>\t\t\t\t<\/span>\n\t\t\t\t\t\t\t\t<span class=\"button-text\">\n\t\t\t\t\tContinuer vers la page des \u00e9v\u00e8nements (en allemand)\t\t\t\t<\/span>\n\t\t\t\t\t\t<\/a>\n\t\t<\/div>\n\t\t\t\t\t\t<\/div>\n\t\t\t\t<\/div>\n\t\t\t\t\t<\/div>\n\t\t<\/div>\n\t\t\t\t\t<\/div>\n\t\t<\/section>\n\t\t\t\t<\/div>\n\t\t","protected":false},"excerpt":{"rendered":"<p>Nous vous remercions de l&rsquo;int\u00e9r\u00eat que vous portez \u00e0 nos \u00e9v\u00e8nements Nos \u00e9v\u00e8nements se d\u00e9roulent en allemand. Certains de nos intervenants parlent \u00e9galement fran\u00e7ais et r\u00e9pondront volontiers \u00e0 vos questions. Nous nous r\u00e9jouissons de votre participation. Continuer vers la page des \u00e9v\u00e8nements (en allemand)<\/p>\n","protected":false},"author":2,"featured_media":0,"parent":0,"menu_order":0,"comment_status":"closed","ping_status":"closed","template":"","meta":{"_acf_changed":false,"footnotes":""},"class_list":["post-10169","page","type-page","status-publish","hentry"],"acf":[],"yoast_head":"<!-- This site is optimized with the Yoast SEO plugin v24.8.1 - https:\/\/yoast.com\/wordpress\/plugins\/seo\/ -->\n<title>Events FR - CISTEC<\/title>\n<meta name=\"robots\" content=\"index, follow, max-snippet:-1, max-image-preview:large, max-video-preview:-1\" \/>\n<link rel=\"canonical\" href=\"https:\/\/www.cistec.com\/fr\/events-fr\/\" \/>\n<meta property=\"og:locale\" content=\"fr_FR\" \/>\n<meta property=\"og:type\" content=\"article\" \/>\n<meta property=\"og:title\" content=\"Events FR - CISTEC\" \/>\n<meta property=\"og:description\" content=\"Nous vous remercions de l&rsquo;int\u00e9r\u00eat que vous portez \u00e0 nos \u00e9v\u00e8nements Nos \u00e9v\u00e8nements se d\u00e9roulent en allemand. Certains de nos intervenants parlent \u00e9galement fran\u00e7ais et r\u00e9pondront volontiers \u00e0 vos questions. Nous nous r\u00e9jouissons de votre participation. Continuer vers la page des \u00e9v\u00e8nements (en allemand)\" \/>\n<meta property=\"og:url\" content=\"https:\/\/www.cistec.com\/fr\/events-fr\/\" \/>\n<meta property=\"og:site_name\" content=\"CISTEC\" \/>\n<meta property=\"article:modified_time\" content=\"2026-03-23T10:36:47+00:00\" \/>\n<meta name=\"twitter:card\" content=\"summary_large_image\" \/>\n<meta name=\"twitter:label1\" content=\"Dur\u00e9e de lecture estim\u00e9e\" \/>\n\t<meta name=\"twitter:data1\" content=\"1 minute\" \/>\n<script type=\"application\/ld+json\" class=\"yoast-schema-graph\">{\"@context\":\"https:\/\/schema.org\",\"@graph\":[{\"@type\":\"WebPage\",\"@id\":\"https:\/\/www.cistec.com\/fr\/events-fr\/\",\"url\":\"https:\/\/www.cistec.com\/fr\/events-fr\/\",\"name\":\"Events FR - CISTEC\",\"isPartOf\":{\"@id\":\"https:\/\/www.cistec.com\/fr\/#website\"},\"datePublished\":\"2023-04-19T19:39:30+00:00\",\"dateModified\":\"2026-03-23T10:36:47+00:00\",\"breadcrumb\":{\"@id\":\"https:\/\/www.cistec.com\/fr\/events-fr\/#breadcrumb\"},\"inLanguage\":\"fr-FR\",\"potentialAction\":[{\"@type\":\"ReadAction\",\"target\":[\"https:\/\/www.cistec.com\/fr\/events-fr\/\"]}]},{\"@type\":\"BreadcrumbList\",\"@id\":\"https:\/\/www.cistec.com\/fr\/events-fr\/#breadcrumb\",\"itemListElement\":[{\"@type\":\"ListItem\",\"position\":1,\"name\":\"Home\",\"item\":\"https:\/\/www.cistec.com\/fr\/\"},{\"@type\":\"ListItem\",\"position\":2,\"name\":\"Events FR\"}]},{\"@type\":\"WebSite\",\"@id\":\"https:\/\/www.cistec.com\/fr\/#website\",\"url\":\"https:\/\/www.cistec.com\/fr\/\",\"name\":\"CISTEC\",\"description\":\"Clinical Information Systems\",\"publisher\":{\"@id\":\"https:\/\/www.cistec.com\/fr\/#organization\"},\"potentialAction\":[{\"@type\":\"SearchAction\",\"target\":{\"@type\":\"EntryPoint\",\"urlTemplate\":\"https:\/\/www.cistec.com\/fr\/?s={search_term_string}\"},\"query-input\":{\"@type\":\"PropertyValueSpecification\",\"valueRequired\":true,\"valueName\":\"search_term_string\"}}],\"inLanguage\":\"fr-FR\"},{\"@type\":\"Organization\",\"@id\":\"https:\/\/www.cistec.com\/fr\/#organization\",\"name\":\"CISTEC AG\",\"url\":\"https:\/\/www.cistec.com\/fr\/\",\"logo\":{\"@type\":\"ImageObject\",\"inLanguage\":\"fr-FR\",\"@id\":\"https:\/\/www.cistec.com\/fr\/#\/schema\/logo\/image\/\",\"url\":\"https:\/\/www.cistec.com\/wp-content\/uploads\/2017\/05\/logo.png\",\"contentUrl\":\"https:\/\/www.cistec.com\/wp-content\/uploads\/2017\/05\/logo.png\",\"width\":211,\"height\":37,\"caption\":\"CISTEC AG\"},\"image\":{\"@id\":\"https:\/\/www.cistec.com\/fr\/#\/schema\/logo\/image\/\"}}]}<\/script>\n<!-- \/ Yoast SEO plugin. -->","yoast_head_json":{"title":"Events FR - CISTEC","robots":{"index":"index","follow":"follow","max-snippet":"max-snippet:-1","max-image-preview":"max-image-preview:large","max-video-preview":"max-video-preview:-1"},"canonical":"https:\/\/www.cistec.com\/fr\/events-fr\/","og_locale":"fr_FR","og_type":"article","og_title":"Events FR - CISTEC","og_description":"Nous vous remercions de l&rsquo;int\u00e9r\u00eat que vous portez \u00e0 nos \u00e9v\u00e8nements Nos \u00e9v\u00e8nements se d\u00e9roulent en allemand. Certains de nos intervenants parlent \u00e9galement fran\u00e7ais et r\u00e9pondront volontiers \u00e0 vos questions. Nous nous r\u00e9jouissons de votre participation. Continuer vers la page des \u00e9v\u00e8nements (en allemand)","og_url":"https:\/\/www.cistec.com\/fr\/events-fr\/","og_site_name":"CISTEC","article_modified_time":"2026-03-23T10:36:47+00:00","twitter_card":"summary_large_image","twitter_misc":{"Dur\u00e9e de lecture estim\u00e9e":"1 minute"},"schema":{"@context":"https:\/\/schema.org","@graph":[{"@type":"WebPage","@id":"https:\/\/www.cistec.com\/fr\/events-fr\/","url":"https:\/\/www.cistec.com\/fr\/events-fr\/","name":"Events FR - CISTEC","isPartOf":{"@id":"https:\/\/www.cistec.com\/fr\/#website"},"datePublished":"2023-04-19T19:39:30+00:00","dateModified":"2026-03-23T10:36:47+00:00","breadcrumb":{"@id":"https:\/\/www.cistec.com\/fr\/events-fr\/#breadcrumb"},"inLanguage":"fr-FR","potentialAction":[{"@type":"ReadAction","target":["https:\/\/www.cistec.com\/fr\/events-fr\/"]}]},{"@type":"BreadcrumbList","@id":"https:\/\/www.cistec.com\/fr\/events-fr\/#breadcrumb","itemListElement":[{"@type":"ListItem","position":1,"name":"Home","item":"https:\/\/www.cistec.com\/fr\/"},{"@type":"ListItem","position":2,"name":"Events FR"}]},{"@type":"WebSite","@id":"https:\/\/www.cistec.com\/fr\/#website","url":"https:\/\/www.cistec.com\/fr\/","name":"CISTEC","description":"Clinical Information Systems","publisher":{"@id":"https:\/\/www.cistec.com\/fr\/#organization"},"potentialAction":[{"@type":"SearchAction","target":{"@type":"EntryPoint","urlTemplate":"https:\/\/www.cistec.com\/fr\/?s={search_term_string}"},"query-input":{"@type":"PropertyValueSpecification","valueRequired":true,"valueName":"search_term_string"}}],"inLanguage":"fr-FR"},{"@type":"Organization","@id":"https:\/\/www.cistec.com\/fr\/#organization","name":"CISTEC AG","url":"https:\/\/www.cistec.com\/fr\/","logo":{"@type":"ImageObject","inLanguage":"fr-FR","@id":"https:\/\/www.cistec.com\/fr\/#\/schema\/logo\/image\/","url":"https:\/\/www.cistec.com\/wp-content\/uploads\/2017\/05\/logo.png","contentUrl":"https:\/\/www.cistec.com\/wp-content\/uploads\/2017\/05\/logo.png","width":211,"height":37,"caption":"CISTEC AG"},"image":{"@id":"https:\/\/www.cistec.com\/fr\/#\/schema\/logo\/image\/"}}]}},"_links":{"self":[{"href":"https:\/\/www.cistec.com\/fr\/wp-json\/wp\/v2\/pages\/10169","targetHints":{"allow":["GET"]}}],"collection":[{"href":"https:\/\/www.cistec.com\/fr\/wp-json\/wp\/v2\/pages"}],"about":[{"href":"https:\/\/www.cistec.com\/fr\/wp-json\/wp\/v2\/types\/page"}],"author":[{"embeddable":true,"href":"https:\/\/www.cistec.com\/fr\/wp-json\/wp\/v2\/users\/2"}],"replies":[{"embeddable":true,"href":"https:\/\/www.cistec.com\/fr\/wp-json\/wp\/v2\/comments?post=10169"}],"version-history":[{"count":28,"href":"https:\/\/www.cistec.com\/fr\/wp-json\/wp\/v2\/pages\/10169\/revisions"}],"predecessor-version":[{"id":15829,"href":"https:\/\/www.cistec.com\/fr\/wp-json\/wp\/v2\/pages\/10169\/revisions\/15829"}],"wp:attachment":[{"href":"https:\/\/www.cistec.com\/fr\/wp-json\/wp\/v2\/media?parent=10169"}],"curies":[{"name":"wp","href":"https:\/\/api.w.org\/{rel}","templated":true}]}}